{"id":25,"date":"2024-02-06T14:22:59","date_gmt":"2024-02-06T13:22:59","guid":{"rendered":"https:\/\/www.celineroucou.fr\/?page_id=25"},"modified":"2026-01-12T15:53:18","modified_gmt":"2026-01-12T14:53:18","slug":"a-propos","status":"publish","type":"page","link":"https:\/\/www.celineroucou.fr\/index.php\/a-propos\/","title":{"rendered":"\u00c0 PROPOS"},"content":{"rendered":"<p>[et_pb_section fb_built=\u00a0\u00bb1&Prime; _builder_version=\u00a0\u00bb4.24.0&Prime; _module_preset=\u00a0\u00bbdefault\u00a0\u00bb global_colors_info=\u00a0\u00bb{}\u00a0\u00bb][et_pb_row column_structure=\u00a0\u00bb1_2,1_2&Prime; _builder_version=\u00a0\u00bb4.24.0&Prime; _module_preset=\u00a0\u00bbdefault\u00a0\u00bb global_colors_info=\u00a0\u00bb{}\u00a0\u00bb][et_pb_column type=\u00a0\u00bb1_2&Prime; _builder_version=\u00a0\u00bb4.24.0&Prime; _module_preset=\u00a0\u00bbdefault\u00a0\u00bb global_colors_info=\u00a0\u00bb{}\u00a0\u00bb][et_pb_image src=\u00a0\u00bbhttps:\/\/www.celineroucou.fr\/wp-content\/uploads\/2026\/01\/Celine_portrait26.jpg\u00a0\u00bb title_text=\u00a0\u00bbCeline_portrait26&Prime; _builder_version=\u00a0\u00bb4.27.4&Prime; _module_preset=\u00a0\u00bbdefault\u00a0\u00bb global_colors_info=\u00a0\u00bb{}\u00a0\u00bb][\/et_pb_image][\/et_pb_column][et_pb_column type=\u00a0\u00bb1_2&Prime; _builder_version=\u00a0\u00bb4.24.0&Prime; _module_preset=\u00a0\u00bbdefault\u00a0\u00bb global_colors_info=\u00a0\u00bb{}\u00a0\u00bb][et_pb_text _builder_version=\u00a0\u00bb4.27.4&Prime; _module_preset=\u00a0\u00bbdefault\u00a0\u00bb global_colors_info=\u00a0\u00bb{}\u00a0\u00bb]<\/p>\n<p>Je vis et travaille \u00e0 Camon pr\u00e8s d\u2019Amiens dans la Somme.\u2028 Je suis dipl\u00f4m\u00e9e de l\u2019Universit\u00e9 Jules Verne en Arts plastiques et de l\u2019\u00c9cole Sup\u00e9rieure d\u2019Art et Design d\u2019Amiens.<\/p>\n<p>Ma recherche artistique personnelle autour du textile, du dessin et de la gravure prend racine dans mes pr\u00e9occupations quotidiennes.<br \/>Je me questionne sur l\u2019\u00eatre humain et notre relation au monde vivant dans la soci\u00e9t\u00e9 actuelle. Je m\u2019int\u00e9resse aux liens, \u00e0 la m\u00e9moire, aux racines, aux rituels, aux croyances, aux cycles, aux arbres, \u00e0 la for\u00eat.<br \/>J\u2019interroge sur le rapport \u00e0 la mati\u00e8re, au geste, au savoir-faire, au temps, dans une forme de r\u00e9sistance \u00e0 la culture du jetable, du \u00ab clic \u00bb, de la rapidit\u00e9 et de la gratitude instantan\u00e9e.<br \/>Je m\u2019inspire de lectures, de films. J\u2019\u00e9coute des podcasts, des \u00e9missions.<br \/>La marche, le d\u00e9placement, l\u2019errance, l\u2019\u00e9merveillement, la contemplation font \u00e9galement partie de ma pratique.<br \/>Je me concentre, m\u00e9morise des ambiances, des images.<br \/>\u00c0 partir de cet ensemble d\u2019id\u00e9es m\u00e9lang\u00e9es et d\u00e9cousues, j\u2019invente de nouvelles formes, j\u2019explore de nouvelles histoires, je fais na\u00eetre de nouveaux \u00eatres.<br \/>J\u2019invite le spectateur \u00e0 bousculer son regard sur le vivant, \u00e0 s\u2019immerger dans un ailleurs imaginaire, \u00e0 prendre le temps de regarder, de chercher les d\u00e9tails.<br \/>Mon projet actuel est de continuer \u00e0 proposer des cr\u00e9ations qui questionnent sur notre fa\u00e7on d\u2019habiter le monde, sur notre mani\u00e8re de nous relier au vivant. Comment d\u00e9placer notre regard intimement, bouger de notre position centrale en tant qu\u2019\u00eatre humain sur la Terre ?<\/p>\n<p>[\/et_pb_text][et_pb_button button_url=\u00a0\u00bbhttps:\/\/www.celineroucou.fr\/wp-content\/uploads\/2026\/01\/CelineRoucou_CV_01-2026.pdf\u00a0\u00bb url_new_window=\u00a0\u00bbon\u00a0\u00bb button_text=\u00a0\u00bbCV\u2014 \u00e0 t\u00e9l\u00e9charger\u00a0\u00bb _builder_version=\u00a0\u00bb4.27.4&Prime; _module_preset=\u00a0\u00bbdefault\u00a0\u00bb custom_css_main_element=\u00a0\u00bbwidth:100%;\u00a0\u00bb global_colors_info=\u00a0\u00bb{}\u00a0\u00bb][\/et_pb_button][et_pb_button button_url=\u00a0\u00bbhttps:\/\/www.celineroucou.fr\/wp-content\/uploads\/2026\/01\/CelineRoucou_Portfolio_01-2026.pdf\u00a0\u00bb url_new_window=\u00a0\u00bbon\u00a0\u00bb button_text=\u00a0\u00bbPORTFOLIO\u2014 \u00e0 t\u00e9l\u00e9charger\u00a0\u00bb _builder_version=\u00a0\u00bb4.27.4&Prime; _module_preset=\u00a0\u00bbdefault\u00a0\u00bb hover_enabled=\u00a0\u00bb0&Prime; custom_css_main_element=\u00a0\u00bbwidth:100%;\u00a0\u00bb global_colors_info=\u00a0\u00bb{}\u00a0\u00bb sticky_enabled=\u00a0\u00bb0&Prime;][\/et_pb_button][\/et_pb_column][\/et_pb_row][\/et_pb_section]<\/p>\n","protected":false},"excerpt":{"rendered":"<p>Je vis et travaille \u00e0 Camon pr\u00e8s d\u2019Amiens dans la Somme.\u2028 Je suis dipl\u00f4m\u00e9e de l\u2019Universit\u00e9 Jules Verne en Arts plastiques et de l\u2019\u00c9cole Sup\u00e9rieure d\u2019Art et Design d\u2019Amiens. Ma recherche artistique personnelle autour du textile, du dessin et de la gravure prend racine dans mes pr\u00e9occupations quotidiennes.Je me questionne sur l\u2019\u00eatre humain et notre [&hellip;]<\/p>\n","protected":false},"author":1,"featured_media":0,"parent":0,"menu_order":0,"comment_status":"closed","ping_status":"closed","template":"","meta":{"_et_pb_use_builder":"on","_et_pb_old_content":"","_et_gb_content_width":"","inline_featured_image":false,"footnotes":""},"class_list":["post-25","page","type-page","status-publish","hentry"],"_links":{"self":[{"href":"https:\/\/www.celineroucou.fr\/index.php\/wp-json\/wp\/v2\/pages\/25","targetHints":{"allow":["GET"]}}],"collection":[{"href":"https:\/\/www.celineroucou.fr\/index.php\/wp-json\/wp\/v2\/pages"}],"about":[{"href":"https:\/\/www.celineroucou.fr\/index.php\/wp-json\/wp\/v2\/types\/page"}],"author":[{"embeddable":true,"href":"https:\/\/www.celineroucou.fr\/index.php\/wp-json\/wp\/v2\/users\/1"}],"replies":[{"embeddable":true,"href":"https:\/\/www.celineroucou.fr\/index.php\/wp-json\/wp\/v2\/comments?post=25"}],"version-history":[{"count":30,"href":"https:\/\/www.celineroucou.fr\/index.php\/wp-json\/wp\/v2\/pages\/25\/revisions"}],"predecessor-version":[{"id":779,"href":"https:\/\/www.celineroucou.fr\/index.php\/wp-json\/wp\/v2\/pages\/25\/revisions\/779"}],"wp:attachment":[{"href":"https:\/\/www.celineroucou.fr\/index.php\/wp-json\/wp\/v2\/media?parent=25"}],"curies":[{"name":"wp","href":"https:\/\/api.w.org\/{rel}","templated":true}]}}